{"id":3039,"date":"2022-06-13T16:16:00","date_gmt":"2022-06-13T14:16:00","guid":{"rendered":"https:\/\/www.podereisorbi.it\/?page_id=3039"},"modified":"2022-06-13T16:16:00","modified_gmt":"2022-06-13T14:16:00","slug":"qui-sommes-nous","status":"publish","type":"page","link":"https:\/\/www.podereisorbi.it\/fr\/qui-sommes-nous\/","title":{"rendered":"Qui sommes nous"},"content":{"rendered":"<p style=\"text-align: justify;\"><a href=\"https:\/\/www.podereisorbi.it\/wp-content\/uploads\/2016\/10\/79A7355.jpg\"><img loading=\"lazy\" class=\"alignleft wp-image-2444\" src=\"https:\/\/www.podereisorbi.it\/wp-content\/uploads\/2016\/10\/79A7355-1024x683.jpg\" alt=\"\" width=\"500\" height=\"333\" srcset=\"https:\/\/www.podereisorbi.it\/wp-content\/uploads\/2016\/10\/79A7355-1024x683.jpg 1024w, https:\/\/www.podereisorbi.it\/wp-content\/uploads\/2016\/10\/79A7355-300x200.jpg 300w, https:\/\/www.podereisorbi.it\/wp-content\/uploads\/2016\/10\/79A7355-768x512.jpg 768w\" sizes=\"(max-width: 500px) 100vw, 500px\" \/><\/a>Le Podere \u201cI Sorbi\u201d est la propri\u00e9t\u00e9 de la famille Gerini depuis 1976 date \u00e0 laquelle Fernando et Maura l&rsquo;ont acquise avec le d\u00e9sir d&rsquo;en faire une demeure estive. La famille vit encore aujourd&rsquo;hui dans la Villa Principale. Les origines de ce lieu, raffin\u00e9 et acceuillant, remontent au Moyen \u00c2ge avec l&rsquo;apparition de la premi\u00e8re ferme paysanne qui encore aujourd&rsquo;hui fait parti du bourg \u201c I Sorbi\u201d. Le domaine tel qu&rsquo;il se pr\u00e9sente aujourd&rsquo;hui est le fruit d&rsquo;une longue et fid\u00e8le intervention de restauration. En 1981, la structure a re\u00e7u l&rsquo;une des premi\u00e8res inscriptions au registre des g\u00eetes ruraux de la Toscane. Dans les 18 hectares de terrains sont cultiv\u00e9es les plus typiques plantes de la Toscane, les vignes et les oliviers. Le paysage r\u00e9verve ainsi aux h\u00f4tes de la structure le charme incomparable de nos collines. La famille Gerini g\u00e8re directement le g\u00eete rural, et prend soin de chaque d\u00e9tail d&rsquo;une fa\u00e7on incomparable. Le Podere \u201cI Sorbi\u201d est aujourd&rsquo;hui un agritourisme de la campagne florentine qui a fait de l&rsquo;accueil et de l&rsquo;hospitalit\u00e9 un propre style.<\/p>\n","protected":false},"excerpt":{"rendered":"<p>Le Podere \u201cI Sorbi\u201d est la propri\u00e9t\u00e9 de la famille Gerini depuis 1976 date \u00e0 laquelle Fernando et Maura l&rsquo;ont acquise avec le d\u00e9sir d&rsquo;en faire une demeure estive. La famille vit encore aujourd&rsquo;hui dans la Villa Principale. Les origines de ce lieu, raffin\u00e9 et acceuillant, remontent au Moyen \u00c2ge avec l&rsquo;apparition de la premi\u00e8re ferme paysanne qui encore aujourd&rsquo;hui fait parti du bourg \u201c I Sorbi\u201d. Le domaine tel&#8230;<\/p>\n","protected":false},"author":7,"featured_media":0,"parent":0,"menu_order":0,"comment_status":"open","ping_status":"open","template":"","meta":[],"yoast_head":"<!-- This site is optimized with the Yoast SEO plugin v19.3 - https:\/\/yoast.com\/wordpress\/plugins\/seo\/ -->\n<title>Qui sommes nous &ndash; Agriturismo Podere &quot;I Sorbi&quot;<\/title>\n<meta name=\"description\" content=\"Le Podere \u201cI Sorbi\u201d est la propri\u00e9t\u00e9 de la famille Gerini depuis 1976 date \u00e0 laquelle Fernando et Maura l&#039;ont acquise avec le d\u00e9sir d&#039;en faire une demeure\" \/>\n<meta name=\"robots\" content=\"index, follow, max-snippet:-1, max-image-preview:large, max-video-preview:-1\" \/>\n<link rel=\"canonical\" href=\"https:\/\/www.podereisorbi.it\/fr\/qui-sommes-nous\/\" \/>\n<meta property=\"og:locale\" content=\"fr_FR\" \/>\n<meta property=\"og:type\" content=\"article\" \/>\n<meta property=\"og:title\" content=\"Qui sommes nous &ndash; Agriturismo Podere &quot;I Sorbi&quot;\" \/>\n<meta property=\"og:description\" content=\"Le Podere \u201cI Sorbi\u201d est la propri\u00e9t\u00e9 de la famille Gerini depuis 1976 date \u00e0 laquelle Fernando et Maura l&#039;ont acquise avec le d\u00e9sir d&#039;en faire une demeure\" \/>\n<meta property=\"og:url\" content=\"https:\/\/www.podereisorbi.it\/fr\/qui-sommes-nous\/\" \/>\n<meta property=\"og:site_name\" content=\"Agriturismo Podere &quot;I Sorbi&quot;\" \/>\n<meta property=\"og:image\" content=\"https:\/\/www.podereisorbi.it\/wp-content\/uploads\/2016\/10\/79A7355-1024x683.jpg\" \/>\n<meta name=\"twitter:card\" content=\"summary\" \/>\n<meta name=\"twitter:label1\" content=\"Dur\u00e9e de lecture estim\u00e9e\" \/>\n\t<meta name=\"twitter:data1\" content=\"1 minute\" \/>\n<script type=\"application\/ld+json\" class=\"yoast-schema-graph\">{\"@context\":\"https:\/\/schema.org\",\"@graph\":[{\"@type\":\"Organization\",\"@id\":\"https:\/\/www.podereisorbi.it\/#organization\",\"name\":\"Agriturismo Podere \\\"I Sorbi\\\"\",\"url\":\"https:\/\/www.podereisorbi.it\/\",\"sameAs\":[],\"logo\":{\"@type\":\"ImageObject\",\"inLanguage\":\"fr-FR\",\"@id\":\"https:\/\/www.podereisorbi.it\/#\/schema\/logo\/image\/\",\"url\":\"https:\/\/www.podereisorbi.it\/wp-content\/uploads\/2016\/06\/logo-sorbi-ultimo3.png\",\"contentUrl\":\"https:\/\/www.podereisorbi.it\/wp-content\/uploads\/2016\/06\/logo-sorbi-ultimo3.png\",\"width\":238,\"height\":101,\"caption\":\"Agriturismo Podere \\\"I Sorbi\\\"\"},\"image\":{\"@id\":\"https:\/\/www.podereisorbi.it\/#\/schema\/logo\/image\/\"}},{\"@type\":\"WebSite\",\"@id\":\"https:\/\/www.podereisorbi.it\/#website\",\"url\":\"https:\/\/www.podereisorbi.it\/\",\"name\":\"Agriturismo Podere &quot;I Sorbi&quot;\",\"description\":\"\",\"publisher\":{\"@id\":\"https:\/\/www.podereisorbi.it\/#organization\"},\"potentialAction\":[{\"@type\":\"SearchAction\",\"target\":{\"@type\":\"EntryPoint\",\"urlTemplate\":\"https:\/\/www.podereisorbi.it\/?s={search_term_string}\"},\"query-input\":\"required name=search_term_string\"}],\"inLanguage\":\"fr-FR\"},{\"@type\":\"ImageObject\",\"inLanguage\":\"fr-FR\",\"@id\":\"https:\/\/www.podereisorbi.it\/fr\/qui-sommes-nous\/#primaryimage\",\"url\":\"https:\/\/www.podereisorbi.it\/wp-content\/uploads\/2016\/10\/79A7355.jpg\",\"contentUrl\":\"https:\/\/www.podereisorbi.it\/wp-content\/uploads\/2016\/10\/79A7355.jpg\",\"width\":2400,\"height\":1600},{\"@type\":\"WebPage\",\"@id\":\"https:\/\/www.podereisorbi.it\/fr\/qui-sommes-nous\/\",\"url\":\"https:\/\/www.podereisorbi.it\/fr\/qui-sommes-nous\/\",\"name\":\"Qui sommes nous &ndash; Agriturismo Podere &quot;I Sorbi&quot;\",\"isPartOf\":{\"@id\":\"https:\/\/www.podereisorbi.it\/#website\"},\"primaryImageOfPage\":{\"@id\":\"https:\/\/www.podereisorbi.it\/fr\/qui-sommes-nous\/#primaryimage\"},\"datePublished\":\"2022-06-13T14:16:00+00:00\",\"dateModified\":\"2022-06-13T14:16:00+00:00\",\"description\":\"Le Podere \u201cI Sorbi\u201d est la propri\u00e9t\u00e9 de la famille Gerini depuis 1976 date \u00e0 laquelle Fernando et Maura l'ont acquise avec le d\u00e9sir d'en faire une demeure\",\"breadcrumb\":{\"@id\":\"https:\/\/www.podereisorbi.it\/fr\/qui-sommes-nous\/#breadcrumb\"},\"inLanguage\":\"fr-FR\",\"potentialAction\":[{\"@type\":\"ReadAction\",\"target\":[\"https:\/\/www.podereisorbi.it\/fr\/qui-sommes-nous\/\"]}]},{\"@type\":\"BreadcrumbList\",\"@id\":\"https:\/\/www.podereisorbi.it\/fr\/qui-sommes-nous\/#breadcrumb\",\"itemListElement\":[{\"@type\":\"ListItem\",\"position\":1,\"name\":\"Home\",\"item\":\"https:\/\/www.podereisorbi.it\/fr\/\"},{\"@type\":\"ListItem\",\"position\":2,\"name\":\"Qui sommes nous\"}]}]}<\/script>\n<!-- \/ Yoast SEO plugin. -->","yoast_head_json":{"title":"Qui sommes nous &ndash; Agriturismo Podere &quot;I Sorbi&quot;","description":"Le Podere \u201cI Sorbi\u201d est la propri\u00e9t\u00e9 de la famille Gerini depuis 1976 date \u00e0 laquelle Fernando et Maura l'ont acquise avec le d\u00e9sir d'en faire une demeure","robots":{"index":"index","follow":"follow","max-snippet":"max-snippet:-1","max-image-preview":"max-image-preview:large","max-video-preview":"max-video-preview:-1"},"canonical":"https:\/\/www.podereisorbi.it\/fr\/qui-sommes-nous\/","og_locale":"fr_FR","og_type":"article","og_title":"Qui sommes nous &ndash; Agriturismo Podere &quot;I Sorbi&quot;","og_description":"Le Podere \u201cI Sorbi\u201d est la propri\u00e9t\u00e9 de la famille Gerini depuis 1976 date \u00e0 laquelle Fernando et Maura l'ont acquise avec le d\u00e9sir d'en faire une demeure","og_url":"https:\/\/www.podereisorbi.it\/fr\/qui-sommes-nous\/","og_site_name":"Agriturismo Podere &quot;I Sorbi&quot;","og_image":[{"url":"https:\/\/www.podereisorbi.it\/wp-content\/uploads\/2016\/10\/79A7355-1024x683.jpg"}],"twitter_card":"summary","twitter_misc":{"Dur\u00e9e de lecture estim\u00e9e":"1 minute"},"schema":{"@context":"https:\/\/schema.org","@graph":[{"@type":"Organization","@id":"https:\/\/www.podereisorbi.it\/#organization","name":"Agriturismo Podere \"I Sorbi\"","url":"https:\/\/www.podereisorbi.it\/","sameAs":[],"logo":{"@type":"ImageObject","inLanguage":"fr-FR","@id":"https:\/\/www.podereisorbi.it\/#\/schema\/logo\/image\/","url":"https:\/\/www.podereisorbi.it\/wp-content\/uploads\/2016\/06\/logo-sorbi-ultimo3.png","contentUrl":"https:\/\/www.podereisorbi.it\/wp-content\/uploads\/2016\/06\/logo-sorbi-ultimo3.png","width":238,"height":101,"caption":"Agriturismo Podere \"I Sorbi\""},"image":{"@id":"https:\/\/www.podereisorbi.it\/#\/schema\/logo\/image\/"}},{"@type":"WebSite","@id":"https:\/\/www.podereisorbi.it\/#website","url":"https:\/\/www.podereisorbi.it\/","name":"Agriturismo Podere &quot;I Sorbi&quot;","description":"","publisher":{"@id":"https:\/\/www.podereisorbi.it\/#organization"},"potentialAction":[{"@type":"SearchAction","target":{"@type":"EntryPoint","urlTemplate":"https:\/\/www.podereisorbi.it\/?s={search_term_string}"},"query-input":"required name=search_term_string"}],"inLanguage":"fr-FR"},{"@type":"ImageObject","inLanguage":"fr-FR","@id":"https:\/\/www.podereisorbi.it\/fr\/qui-sommes-nous\/#primaryimage","url":"https:\/\/www.podereisorbi.it\/wp-content\/uploads\/2016\/10\/79A7355.jpg","contentUrl":"https:\/\/www.podereisorbi.it\/wp-content\/uploads\/2016\/10\/79A7355.jpg","width":2400,"height":1600},{"@type":"WebPage","@id":"https:\/\/www.podereisorbi.it\/fr\/qui-sommes-nous\/","url":"https:\/\/www.podereisorbi.it\/fr\/qui-sommes-nous\/","name":"Qui sommes nous &ndash; Agriturismo Podere &quot;I Sorbi&quot;","isPartOf":{"@id":"https:\/\/www.podereisorbi.it\/#website"},"primaryImageOfPage":{"@id":"https:\/\/www.podereisorbi.it\/fr\/qui-sommes-nous\/#primaryimage"},"datePublished":"2022-06-13T14:16:00+00:00","dateModified":"2022-06-13T14:16:00+00:00","description":"Le Podere \u201cI Sorbi\u201d est la propri\u00e9t\u00e9 de la famille Gerini depuis 1976 date \u00e0 laquelle Fernando et Maura l'ont acquise avec le d\u00e9sir d'en faire une demeure","breadcrumb":{"@id":"https:\/\/www.podereisorbi.it\/fr\/qui-sommes-nous\/#breadcrumb"},"inLanguage":"fr-FR","potentialAction":[{"@type":"ReadAction","target":["https:\/\/www.podereisorbi.it\/fr\/qui-sommes-nous\/"]}]},{"@type":"BreadcrumbList","@id":"https:\/\/www.podereisorbi.it\/fr\/qui-sommes-nous\/#breadcrumb","itemListElement":[{"@type":"ListItem","position":1,"name":"Home","item":"https:\/\/www.podereisorbi.it\/fr\/"},{"@type":"ListItem","position":2,"name":"Qui sommes nous"}]}]}},"_links":{"self":[{"href":"https:\/\/www.podereisorbi.it\/fr\/wp-json\/wp\/v2\/pages\/3039"}],"collection":[{"href":"https:\/\/www.podereisorbi.it\/fr\/wp-json\/wp\/v2\/pages"}],"about":[{"href":"https:\/\/www.podereisorbi.it\/fr\/wp-json\/wp\/v2\/types\/page"}],"author":[{"embeddable":true,"href":"https:\/\/www.podereisorbi.it\/fr\/wp-json\/wp\/v2\/users\/7"}],"replies":[{"embeddable":true,"href":"https:\/\/www.podereisorbi.it\/fr\/wp-json\/wp\/v2\/comments?post=3039"}],"version-history":[{"count":1,"href":"https:\/\/www.podereisorbi.it\/fr\/wp-json\/wp\/v2\/pages\/3039\/revisions"}],"predecessor-version":[{"id":3044,"href":"https:\/\/www.podereisorbi.it\/fr\/wp-json\/wp\/v2\/pages\/3039\/revisions\/3044"}],"wp:attachment":[{"href":"https:\/\/www.podereisorbi.it\/fr\/wp-json\/wp\/v2\/media?parent=3039"}],"curies":[{"name":"wp","href":"https:\/\/api.w.org\/{rel}","templated":true}]}}