{"id":3018,"date":"2022-06-13T15:39:38","date_gmt":"2022-06-13T13:39:38","guid":{"rendered":"https:\/\/www.podereisorbi.it\/?page_id=3018"},"modified":"2022-06-13T15:43:05","modified_gmt":"2022-06-13T13:43:05","slug":"art","status":"publish","type":"page","link":"https:\/\/www.podereisorbi.it\/fr\/art\/","title":{"rendered":"Art"},"content":{"rendered":"<h1>LE DOMAINE I SORBI ET L&rsquo;ART<\/h1>\n<hr \/>\n<p>La propri\u00e9t\u00e9 et les amis du Podere I Sorbi sont passionn\u00e9s d&rsquo;art.<\/p>\n<p>Dans notre structure ont \u00e9t\u00e9 organis\u00e9s des \u00e9v\u00e8nements comme \u201cCampagna d&rsquo;arte 2015\u201d o\u00f9 diff\u00e9rentes formes d&rsquo;art \u2013 action painting, acquarelle, sculpture, reproductions d&rsquo;art, jazz exp\u00e9rimental \u2013 ont trouv\u00e9 un espace commun de dialogue et de contamination.<\/p>\n<div id='gallery-1' class='gallery galleryid-3018 gallery-columns-4 gallery-size-medium'>\n<figure class='gallery-item'>\n<div class='gallery-icon landscape'>\n\t\t\t\t<a href='https:\/\/www.podereisorbi.it\/wp-content\/uploads\/2016\/10\/IMG_4050.jpeg'><img width=\"300\" height=\"200\" src=\"https:\/\/www.podereisorbi.it\/wp-content\/uploads\/2016\/10\/IMG_4050-300x200.jpeg\" class=\"attachment-medium size-medium\" alt=\"\" loading=\"lazy\" srcset=\"https:\/\/www.podereisorbi.it\/wp-content\/uploads\/2016\/10\/IMG_4050-300x200.jpeg 300w, https:\/\/www.podereisorbi.it\/wp-content\/uploads\/2016\/10\/IMG_4050-768x512.jpeg 768w, https:\/\/www.podereisorbi.it\/wp-content\/uploads\/2016\/10\/IMG_4050-1024x683.jpeg 1024w\" sizes=\"(max-width: 300px) 100vw, 300px\" \/><\/a>\n\t\t\t<\/div>\n<\/figure>\n<figure class='gallery-item'>\n<div class='gallery-icon landscape'>\n\t\t\t\t<a href='https:\/\/www.podereisorbi.it\/wp-content\/uploads\/2016\/10\/IMG_4022.jpeg'><img width=\"300\" height=\"200\" src=\"https:\/\/www.podereisorbi.it\/wp-content\/uploads\/2016\/10\/IMG_4022-300x200.jpeg\" class=\"attachment-medium size-medium\" alt=\"\" loading=\"lazy\" srcset=\"https:\/\/www.podereisorbi.it\/wp-content\/uploads\/2016\/10\/IMG_4022-300x200.jpeg 300w, https:\/\/www.podereisorbi.it\/wp-content\/uploads\/2016\/10\/IMG_4022-768x512.jpeg 768w, https:\/\/www.podereisorbi.it\/wp-content\/uploads\/2016\/10\/IMG_4022-1024x683.jpeg 1024w\" sizes=\"(max-width: 300px) 100vw, 300px\" \/><\/a>\n\t\t\t<\/div>\n<\/figure>\n<figure class='gallery-item'>\n<div class='gallery-icon landscape'>\n\t\t\t\t<a href='https:\/\/www.podereisorbi.it\/wp-content\/uploads\/2016\/10\/IMG_3939.jpeg'><img width=\"300\" height=\"200\" src=\"https:\/\/www.podereisorbi.it\/wp-content\/uploads\/2016\/10\/IMG_3939-300x200.jpeg\" class=\"attachment-medium size-medium\" alt=\"\" loading=\"lazy\" srcset=\"https:\/\/www.podereisorbi.it\/wp-content\/uploads\/2016\/10\/IMG_3939-300x200.jpeg 300w, https:\/\/www.podereisorbi.it\/wp-content\/uploads\/2016\/10\/IMG_3939-768x512.jpeg 768w, https:\/\/www.podereisorbi.it\/wp-content\/uploads\/2016\/10\/IMG_3939-1024x683.jpeg 1024w\" sizes=\"(max-width: 300px) 100vw, 300px\" \/><\/a>\n\t\t\t<\/div>\n<\/figure>\n<figure class='gallery-item'>\n<div class='gallery-icon landscape'>\n\t\t\t\t<a href='https:\/\/www.podereisorbi.it\/wp-content\/uploads\/2016\/10\/IMG_3921.jpeg'><img width=\"300\" height=\"200\" src=\"https:\/\/www.podereisorbi.it\/wp-content\/uploads\/2016\/10\/IMG_3921-300x200.jpeg\" class=\"attachment-medium size-medium\" alt=\"\" loading=\"lazy\" srcset=\"https:\/\/www.podereisorbi.it\/wp-content\/uploads\/2016\/10\/IMG_3921-300x200.jpeg 300w, https:\/\/www.podereisorbi.it\/wp-content\/uploads\/2016\/10\/IMG_3921-768x512.jpeg 768w, https:\/\/www.podereisorbi.it\/wp-content\/uploads\/2016\/10\/IMG_3921-1024x683.jpeg 1024w\" sizes=\"(max-width: 300px) 100vw, 300px\" \/><\/a>\n\t\t\t<\/div>\n<\/figure>\n<figure class='gallery-item'>\n<div class='gallery-icon landscape'>\n\t\t\t\t<a href='https:\/\/www.podereisorbi.it\/wp-content\/uploads\/2016\/10\/IMG_3910.jpeg'><img width=\"300\" height=\"200\" src=\"https:\/\/www.podereisorbi.it\/wp-content\/uploads\/2016\/10\/IMG_3910-300x200.jpeg\" class=\"attachment-medium size-medium\" alt=\"\" loading=\"lazy\" srcset=\"https:\/\/www.podereisorbi.it\/wp-content\/uploads\/2016\/10\/IMG_3910-300x200.jpeg 300w, https:\/\/www.podereisorbi.it\/wp-content\/uploads\/2016\/10\/IMG_3910-768x512.jpeg 768w, https:\/\/www.podereisorbi.it\/wp-content\/uploads\/2016\/10\/IMG_3910-1024x683.jpeg 1024w\" sizes=\"(max-width: 300px) 100vw, 300px\" \/><\/a>\n\t\t\t<\/div>\n<\/figure>\n<figure class='gallery-item'>\n<div class='gallery-icon landscape'>\n\t\t\t\t<a href='https:\/\/www.podereisorbi.it\/wp-content\/uploads\/2016\/10\/DSC_3744.jpg'><img width=\"300\" height=\"201\" src=\"https:\/\/www.podereisorbi.it\/wp-content\/uploads\/2016\/10\/DSC_3744-300x201.jpg\" class=\"attachment-medium size-medium\" alt=\"\" loading=\"lazy\" srcset=\"https:\/\/www.podereisorbi.it\/wp-content\/uploads\/2016\/10\/DSC_3744-300x201.jpg 300w, https:\/\/www.podereisorbi.it\/wp-content\/uploads\/2016\/10\/DSC_3744-768x514.jpg 768w, https:\/\/www.podereisorbi.it\/wp-content\/uploads\/2016\/10\/DSC_3744-1024x685.jpg 1024w, https:\/\/www.podereisorbi.it\/wp-content\/uploads\/2016\/10\/DSC_3744.jpg 1936w\" sizes=\"(max-width: 300px) 100vw, 300px\" \/><\/a>\n\t\t\t<\/div>\n<\/figure>\n<figure class='gallery-item'>\n<div class='gallery-icon landscape'>\n\t\t\t\t<a href='https:\/\/www.podereisorbi.it\/wp-content\/uploads\/2016\/10\/DSC_3720.jpg'><img width=\"300\" height=\"201\" src=\"https:\/\/www.podereisorbi.it\/wp-content\/uploads\/2016\/10\/DSC_3720-300x201.jpg\" class=\"attachment-medium size-medium\" alt=\"\" loading=\"lazy\" srcset=\"https:\/\/www.podereisorbi.it\/wp-content\/uploads\/2016\/10\/DSC_3720-300x201.jpg 300w, https:\/\/www.podereisorbi.it\/wp-content\/uploads\/2016\/10\/DSC_3720-768x514.jpg 768w, https:\/\/www.podereisorbi.it\/wp-content\/uploads\/2016\/10\/DSC_3720-1024x685.jpg 1024w, https:\/\/www.podereisorbi.it\/wp-content\/uploads\/2016\/10\/DSC_3720.jpg 1936w\" sizes=\"(max-width: 300px) 100vw, 300px\" \/><\/a>\n\t\t\t<\/div>\n<\/figure>\n<figure class='gallery-item'>\n<div class='gallery-icon landscape'>\n\t\t\t\t<a href='https:\/\/www.podereisorbi.it\/wp-content\/uploads\/2016\/10\/campagna-darte-2015.jpg'><img width=\"300\" height=\"201\" src=\"https:\/\/www.podereisorbi.it\/wp-content\/uploads\/2016\/10\/campagna-darte-2015-300x201.jpg\" class=\"attachment-medium size-medium\" alt=\"\" loading=\"lazy\" srcset=\"https:\/\/www.podereisorbi.it\/wp-content\/uploads\/2016\/10\/campagna-darte-2015-300x201.jpg 300w, https:\/\/www.podereisorbi.it\/wp-content\/uploads\/2016\/10\/campagna-darte-2015-768x514.jpg 768w, https:\/\/www.podereisorbi.it\/wp-content\/uploads\/2016\/10\/campagna-darte-2015-1024x685.jpg 1024w, https:\/\/www.podereisorbi.it\/wp-content\/uploads\/2016\/10\/campagna-darte-2015.jpg 1936w\" sizes=\"(max-width: 300px) 100vw, 300px\" \/><\/a>\n\t\t\t<\/div>\n<\/figure><\/div>\n","protected":false},"excerpt":{"rendered":"<p>LE DOMAINE I SORBI ET L&rsquo;ART La propri\u00e9t\u00e9 et les amis du Podere I Sorbi sont passionn\u00e9s d&rsquo;art. Dans notre structure ont \u00e9t\u00e9 organis\u00e9s des \u00e9v\u00e8nements comme \u201cCampagna d&rsquo;arte 2015\u201d o\u00f9 diff\u00e9rentes formes d&rsquo;art \u2013 action painting, acquarelle, sculpture, reproductions d&rsquo;art, jazz exp\u00e9rimental \u2013 ont trouv\u00e9 un espace commun de dialogue et de contamination.<\/p>\n","protected":false},"author":7,"featured_media":0,"parent":0,"menu_order":0,"comment_status":"open","ping_status":"open","template":"","meta":[],"yoast_head":"<!-- This site is optimized with the Yoast SEO plugin v19.3 - https:\/\/yoast.com\/wordpress\/plugins\/seo\/ -->\n<title>Art &ndash; Agriturismo Podere &quot;I Sorbi&quot;<\/title>\n<meta name=\"description\" content=\"LE DOMAINE I SORBI ET L&#039;ART La propri\u00e9t\u00e9 et les amis du Podere I Sorbi sont passionn\u00e9s d&#039;art. Dans notre structure ont \u00e9t\u00e9 organis\u00e9s des \u00e9v\u00e8nements comme\" \/>\n<meta name=\"robots\" content=\"index, follow, max-snippet:-1, max-image-preview:large, max-video-preview:-1\" \/>\n<link rel=\"canonical\" href=\"https:\/\/www.podereisorbi.it\/fr\/art\/\" \/>\n<meta property=\"og:locale\" content=\"fr_FR\" \/>\n<meta property=\"og:type\" content=\"article\" \/>\n<meta property=\"og:title\" content=\"Art &ndash; Agriturismo Podere &quot;I Sorbi&quot;\" \/>\n<meta property=\"og:description\" content=\"LE DOMAINE I SORBI ET L&#039;ART La propri\u00e9t\u00e9 et les amis du Podere I Sorbi sont passionn\u00e9s d&#039;art. Dans notre structure ont \u00e9t\u00e9 organis\u00e9s des \u00e9v\u00e8nements comme\" \/>\n<meta property=\"og:url\" content=\"https:\/\/www.podereisorbi.it\/fr\/art\/\" \/>\n<meta property=\"og:site_name\" content=\"Agriturismo Podere &quot;I Sorbi&quot;\" \/>\n<meta property=\"article:modified_time\" content=\"2022-06-13T13:43:05+00:00\" \/>\n<meta property=\"og:image\" content=\"https:\/\/www.podereisorbi.it\/wp-content\/uploads\/2016\/10\/IMG_4050-300x200.jpeg\" \/>\n<meta name=\"twitter:card\" content=\"summary\" \/>\n<script type=\"application\/ld+json\" class=\"yoast-schema-graph\">{\"@context\":\"https:\/\/schema.org\",\"@graph\":[{\"@type\":\"Organization\",\"@id\":\"https:\/\/www.podereisorbi.it\/#organization\",\"name\":\"Agriturismo Podere \\\"I Sorbi\\\"\",\"url\":\"https:\/\/www.podereisorbi.it\/\",\"sameAs\":[],\"logo\":{\"@type\":\"ImageObject\",\"inLanguage\":\"fr-FR\",\"@id\":\"https:\/\/www.podereisorbi.it\/#\/schema\/logo\/image\/\",\"url\":\"https:\/\/www.podereisorbi.it\/wp-content\/uploads\/2016\/06\/logo-sorbi-ultimo3.png\",\"contentUrl\":\"https:\/\/www.podereisorbi.it\/wp-content\/uploads\/2016\/06\/logo-sorbi-ultimo3.png\",\"width\":238,\"height\":101,\"caption\":\"Agriturismo Podere \\\"I Sorbi\\\"\"},\"image\":{\"@id\":\"https:\/\/www.podereisorbi.it\/#\/schema\/logo\/image\/\"}},{\"@type\":\"WebSite\",\"@id\":\"https:\/\/www.podereisorbi.it\/#website\",\"url\":\"https:\/\/www.podereisorbi.it\/\",\"name\":\"Agriturismo Podere &quot;I Sorbi&quot;\",\"description\":\"\",\"publisher\":{\"@id\":\"https:\/\/www.podereisorbi.it\/#organization\"},\"potentialAction\":[{\"@type\":\"SearchAction\",\"target\":{\"@type\":\"EntryPoint\",\"urlTemplate\":\"https:\/\/www.podereisorbi.it\/?s={search_term_string}\"},\"query-input\":\"required name=search_term_string\"}],\"inLanguage\":\"fr-FR\"},{\"@type\":\"WebPage\",\"@id\":\"https:\/\/www.podereisorbi.it\/fr\/art\/\",\"url\":\"https:\/\/www.podereisorbi.it\/fr\/art\/\",\"name\":\"Art &ndash; Agriturismo Podere &quot;I Sorbi&quot;\",\"isPartOf\":{\"@id\":\"https:\/\/www.podereisorbi.it\/#website\"},\"datePublished\":\"2022-06-13T13:39:38+00:00\",\"dateModified\":\"2022-06-13T13:43:05+00:00\",\"description\":\"LE DOMAINE I SORBI ET L'ART La propri\u00e9t\u00e9 et les amis du Podere I Sorbi sont passionn\u00e9s d'art. Dans notre structure ont \u00e9t\u00e9 organis\u00e9s des \u00e9v\u00e8nements comme\",\"breadcrumb\":{\"@id\":\"https:\/\/www.podereisorbi.it\/fr\/art\/#breadcrumb\"},\"inLanguage\":\"fr-FR\",\"potentialAction\":[{\"@type\":\"ReadAction\",\"target\":[\"https:\/\/www.podereisorbi.it\/fr\/art\/\"]}]},{\"@type\":\"BreadcrumbList\",\"@id\":\"https:\/\/www.podereisorbi.it\/fr\/art\/#breadcrumb\",\"itemListElement\":[{\"@type\":\"ListItem\",\"position\":1,\"name\":\"Home\",\"item\":\"https:\/\/www.podereisorbi.it\/fr\/\"},{\"@type\":\"ListItem\",\"position\":2,\"name\":\"Art\"}]}]}<\/script>\n<!-- \/ Yoast SEO plugin. -->","yoast_head_json":{"title":"Art &ndash; Agriturismo Podere &quot;I Sorbi&quot;","description":"LE DOMAINE I SORBI ET L'ART La propri\u00e9t\u00e9 et les amis du Podere I Sorbi sont passionn\u00e9s d'art. Dans notre structure ont \u00e9t\u00e9 organis\u00e9s des \u00e9v\u00e8nements comme","robots":{"index":"index","follow":"follow","max-snippet":"max-snippet:-1","max-image-preview":"max-image-preview:large","max-video-preview":"max-video-preview:-1"},"canonical":"https:\/\/www.podereisorbi.it\/fr\/art\/","og_locale":"fr_FR","og_type":"article","og_title":"Art &ndash; Agriturismo Podere &quot;I Sorbi&quot;","og_description":"LE DOMAINE I SORBI ET L'ART La propri\u00e9t\u00e9 et les amis du Podere I Sorbi sont passionn\u00e9s d'art. Dans notre structure ont \u00e9t\u00e9 organis\u00e9s des \u00e9v\u00e8nements comme","og_url":"https:\/\/www.podereisorbi.it\/fr\/art\/","og_site_name":"Agriturismo Podere &quot;I Sorbi&quot;","article_modified_time":"2022-06-13T13:43:05+00:00","og_image":[{"url":"https:\/\/www.podereisorbi.it\/wp-content\/uploads\/2016\/10\/IMG_4050-300x200.jpeg"}],"twitter_card":"summary","schema":{"@context":"https:\/\/schema.org","@graph":[{"@type":"Organization","@id":"https:\/\/www.podereisorbi.it\/#organization","name":"Agriturismo Podere \"I Sorbi\"","url":"https:\/\/www.podereisorbi.it\/","sameAs":[],"logo":{"@type":"ImageObject","inLanguage":"fr-FR","@id":"https:\/\/www.podereisorbi.it\/#\/schema\/logo\/image\/","url":"https:\/\/www.podereisorbi.it\/wp-content\/uploads\/2016\/06\/logo-sorbi-ultimo3.png","contentUrl":"https:\/\/www.podereisorbi.it\/wp-content\/uploads\/2016\/06\/logo-sorbi-ultimo3.png","width":238,"height":101,"caption":"Agriturismo Podere \"I Sorbi\""},"image":{"@id":"https:\/\/www.podereisorbi.it\/#\/schema\/logo\/image\/"}},{"@type":"WebSite","@id":"https:\/\/www.podereisorbi.it\/#website","url":"https:\/\/www.podereisorbi.it\/","name":"Agriturismo Podere &quot;I Sorbi&quot;","description":"","publisher":{"@id":"https:\/\/www.podereisorbi.it\/#organization"},"potentialAction":[{"@type":"SearchAction","target":{"@type":"EntryPoint","urlTemplate":"https:\/\/www.podereisorbi.it\/?s={search_term_string}"},"query-input":"required name=search_term_string"}],"inLanguage":"fr-FR"},{"@type":"WebPage","@id":"https:\/\/www.podereisorbi.it\/fr\/art\/","url":"https:\/\/www.podereisorbi.it\/fr\/art\/","name":"Art &ndash; Agriturismo Podere &quot;I Sorbi&quot;","isPartOf":{"@id":"https:\/\/www.podereisorbi.it\/#website"},"datePublished":"2022-06-13T13:39:38+00:00","dateModified":"2022-06-13T13:43:05+00:00","description":"LE DOMAINE I SORBI ET L'ART La propri\u00e9t\u00e9 et les amis du Podere I Sorbi sont passionn\u00e9s d'art. Dans notre structure ont \u00e9t\u00e9 organis\u00e9s des \u00e9v\u00e8nements comme","breadcrumb":{"@id":"https:\/\/www.podereisorbi.it\/fr\/art\/#breadcrumb"},"inLanguage":"fr-FR","potentialAction":[{"@type":"ReadAction","target":["https:\/\/www.podereisorbi.it\/fr\/art\/"]}]},{"@type":"BreadcrumbList","@id":"https:\/\/www.podereisorbi.it\/fr\/art\/#breadcrumb","itemListElement":[{"@type":"ListItem","position":1,"name":"Home","item":"https:\/\/www.podereisorbi.it\/fr\/"},{"@type":"ListItem","position":2,"name":"Art"}]}]}},"_links":{"self":[{"href":"https:\/\/www.podereisorbi.it\/fr\/wp-json\/wp\/v2\/pages\/3018"}],"collection":[{"href":"https:\/\/www.podereisorbi.it\/fr\/wp-json\/wp\/v2\/pages"}],"about":[{"href":"https:\/\/www.podereisorbi.it\/fr\/wp-json\/wp\/v2\/types\/page"}],"author":[{"embeddable":true,"href":"https:\/\/www.podereisorbi.it\/fr\/wp-json\/wp\/v2\/users\/7"}],"replies":[{"embeddable":true,"href":"https:\/\/www.podereisorbi.it\/fr\/wp-json\/wp\/v2\/comments?post=3018"}],"version-history":[{"count":1,"href":"https:\/\/www.podereisorbi.it\/fr\/wp-json\/wp\/v2\/pages\/3018\/revisions"}],"predecessor-version":[{"id":3019,"href":"https:\/\/www.podereisorbi.it\/fr\/wp-json\/wp\/v2\/pages\/3018\/revisions\/3019"}],"wp:attachment":[{"href":"https:\/\/www.podereisorbi.it\/fr\/wp-json\/wp\/v2\/media?parent=3018"}],"curies":[{"name":"wp","href":"https:\/\/api.w.org\/{rel}","templated":true}]}}